{"id":361,"date":"2025-09-03T19:11:29","date_gmt":"2025-09-03T19:11:29","guid":{"rendered":"https:\/\/nardini.ro\/?page_id=361"},"modified":"2025-11-21T07:27:50","modified_gmt":"2025-11-21T07:27:50","slug":"jogi-dokumentumok","status":"publish","type":"page","link":"https:\/\/nardini.ro\/ro\/jogi-dokumentumok\/","title":{"rendered":"Documente oficiale"},"content":{"rendered":"<p>[et_pb_section fb_built=&#8221;1&#8243; fullwidth=&#8221;on&#8221; admin_label=&#8221;Hero&#8221; _builder_version=&#8221;4.27.4&#8243; background_image=&#8221;https:\/\/nardini.ro\/wp-content\/uploads\/2025\/09\/Footer-bg.webp&#8221; parallax=&#8221;on&#8221; top_divider_style=&#8221;clouds2&#8243; top_divider_color=&#8221;rgba(255,255,255,0.3)&#8221; top_divider_height=&#8221;100%&#8221; bottom_divider_height=&#8221;30px&#8221; global_colors_info=&#8221;{}&#8221;][et_pb_fullwidth_header title=&#8221;Dokumentumok \u00e9s&#8221; subhead=&#8221;Jogi nyilatkozatok&#8221; text_orientation=&#8221;center&#8221; _builder_version=&#8221;4.27.4&#8243; title_level=&#8221;h2&#8243; title_font=&#8221;Rubik|700||on|||||&#8221; title_text_color=&#8221;#4f3800&#8243; title_font_size=&#8221;16px&#8221; title_letter_spacing=&#8221;5px&#8221; title_line_height=&#8221;2em&#8221; content_font=&#8221;Rubik||||||||&#8221; content_font_size=&#8221;18px&#8221; content_line_height=&#8221;2em&#8221; subhead_font=&#8221;Rubik|700|||||||&#8221; subhead_text_color=&#8221;#2e8416&#8243; subhead_font_size=&#8221;50px&#8221; subhead_line_height=&#8221;1.4em&#8221; background_color=&#8221;rgba(255,255,255,0)&#8221; use_background_color_gradient=&#8221;on&#8221; background_color_gradient_stops=&#8221;rgba(255,255,255,0.32) 0%|rgba(255,255,255,0.4) 99%&#8221; background_color_gradient_start=&#8221;rgba(255,255,255,0.7)&#8221; background_color_gradient_end=&#8221;#ffffff&#8221; background_size=&#8221;contain&#8221; background_position=&#8221;bottom_center&#8221; custom_button_one=&#8221;on&#8221; button_one_text_size=&#8221;16px&#8221; button_one_text_color=&#8221;#ffffff&#8221; button_one_bg_color=&#8221;#ff7355&#8243; button_one_border_width=&#8221;15px&#8221; button_one_border_color=&#8221;rgba(210,159,104,0)&#8221; button_one_border_radius=&#8221;100px&#8221; button_one_letter_spacing=&#8221;0px&#8221; button_one_font=&#8221;Rubik|700|||||||&#8221; button_one_use_icon=&#8221;off&#8221; custom_button_two=&#8221;on&#8221; button_two_text_size=&#8221;16px&#8221; button_two_text_color=&#8221;#ffffff&#8221; button_two_bg_color=&#8221;rgba(0,0,0,0.6)&#8221; button_two_border_width=&#8221;15px&#8221; button_two_border_color=&#8221;rgba(210,159,104,0)&#8221; button_two_border_radius=&#8221;100px&#8221; button_two_letter_spacing=&#8221;0px&#8221; button_two_font=&#8221;Rubik|700|||||||&#8221; button_two_use_icon=&#8221;off&#8221; background_layout=&#8221;light&#8221; custom_margin=&#8221;|||&#8221; custom_padding=&#8221;4vw||5vw|||&#8221; animation_style=&#8221;slide&#8221; animation_direction=&#8221;bottom&#8221; animation_intensity_slide=&#8221;1%&#8221; subhead_font_size_tablet=&#8221;&#8221; subhead_font_size_phone=&#8221;30px&#8221; subhead_font_size_last_edited=&#8221;on|phone&#8221; button_one_border_radius_hover=&#8221;100px&#8221; button_two_border_radius_hover=&#8221;100px&#8221; button_one_bg_color_hover=&#8221;#ff8a70&#8243; button_two_bg_color_hover=&#8221;#ff8a70&#8243; global_colors_info=&#8221;{}&#8221; button_one_text_size__hover_enabled=&#8221;off&#8221; button_two_text_size__hover_enabled=&#8221;off&#8221; button_one_text_color__hover_enabled=&#8221;off&#8221; button_two_text_color__hover_enabled=&#8221;off&#8221; button_one_border_width__hover_enabled=&#8221;off&#8221; button_two_border_width__hover_enabled=&#8221;off&#8221; button_one_border_color__hover_enabled=&#8221;off&#8221; button_two_border_color__hover_enabled=&#8221;off&#8221; button_one_border_radius__hover_enabled=&#8221;on&#8221; button_one_border_radius__hover=&#8221;100px&#8221; button_two_border_radius__hover_enabled=&#8221;on&#8221; button_two_border_radius__hover=&#8221;100px&#8221; button_one_letter_spacing__hover_enabled=&#8221;off&#8221; button_two_letter_spacing__hover_enabled=&#8221;off&#8221; button_one_bg_color__hover_enabled=&#8221;on&#8221; button_one_bg_color__hover=&#8221;#ff8a70&#8243; button_two_bg_color__hover_enabled=&#8221;on&#8221; button_two_bg_color__hover=&#8221;#ff8a70&#8243;][\/et_pb_fullwidth_header][\/et_pb_section][et_pb_section fb_built=&#8221;1&#8243; admin_label=&#8221;Admissions&#8221; _builder_version=&#8221;4.16&#8243; use_background_color_gradient=&#8221;on&#8221; background_color_gradient_stops=&#8221;#ffffff 0%|#e3e3e8 100%&#8221; background_color_gradient_start=&#8221;#ffffff&#8221; background_color_gradient_end=&#8221;#e3e3e8&#8243; background_image=&#8221;https:\/\/nardini.ro\/wp-content\/uploads\/2025\/09\/shapes-bg-1.png&#8221; parallax=&#8221;on&#8221; custom_padding=&#8221;|||&#8221; global_colors_info=&#8221;{}&#8221;][et_pb_row column_structure=&#8221;1_2,1_2&#8243; use_custom_gutter=&#8221;on&#8221; gutter_width=&#8221;2&#8243; admin_label=&#8221;Facilities Row&#8221; _builder_version=&#8221;4.27.4&#8243; width=&#8221;100%&#8221; max_width=&#8221;187vh&#8221; global_colors_info=&#8221;{}&#8221;][et_pb_column type=&#8221;1_2&#8243; _builder_version=&#8221;4.16&#8243; custom_padding=&#8221;30px|||&#8221; global_colors_info=&#8221;{}&#8221; custom_padding__hover=&#8221;|||&#8221;][et_pb_toggle title=&#8221;Adatkezel\u00e9si t\u00e1j\u00e9koztat\u00f3 \u00e9s s\u00fcti inform\u00e1ci\u00f3k (Cookie policy)&#8221; closed_toggle_text_color=&#8221;#FFFFFF&#8221; closed_toggle_background_color=&#8221;#0c92d1&#8243; _builder_version=&#8221;4.27.4&#8243; _module_preset=&#8221;default&#8221; closed_title_font=&#8221;Rubik||||||||&#8221; body_font_size=&#8221;13px&#8221; border_radii=&#8221;on|10px|10px|10px|10px&#8221; global_colors_info=&#8221;{}&#8221;]<\/p>\n<p>A <strong>Nardini \u00d3voda Alap\u00edtv\u00e1ny<\/strong> a rom\u00e1niai t\u00f6rv\u00e9nyeknek \u00e9s az Eur\u00f3pai Uni\u00f3 \u00e1ltal\u00e1nos adatv\u00e9delmi rendelet\u00e9nek (GDPR \u2013 2016\/679\/EU rendelet) megfelel\u0151en m\u0171k\u00f6dik.<br \/><strong>C\u00edm:<\/strong> Sz\u00e9kelyudvarhely, Pet\u0151fi S\u00e1ndor utca 3. sz\u00e1m, Hargita megye, Rom\u00e1nia<br \/><strong>Telefon:<\/strong> 0745575360<br \/><strong>E-mail:<\/strong> gr.nardini@eduhr.ro<\/p>\n<p>Jelen t\u00e1j\u00e9koztat\u00f3 a <strong><a href=\"http:\/\/www.nardini.ro?utm_source=chatgpt.com\">www.nardini.ro<\/a><\/strong> weboldalon kereszt\u00fcl gy\u0171jt\u00f6tt szem\u00e9lyes adatok t\u00e1rol\u00e1s\u00e1r\u00f3l, felhaszn\u00e1l\u00e1s\u00e1r\u00f3l \u00e9s v\u00e9delm\u00e9r\u0151l sz\u00f3l.<\/p>\n<p>A Nardini \u00d3voda Alap\u00edtv\u00e1ny a weboldalr\u00f3l ugr\u00f3pontk\u00e9nt el\u00e9rhet\u0151 k\u00fcls\u0151 honlapok tartalm\u00e1\u00e9rt, adat- \u00e9s inform\u00e1ci\u00f3v\u00e9delmi gyakorlat\u00e1\u00e9rt nem v\u00e1llal felel\u0151ss\u00e9get. Amennyiben tudom\u00e1sunkra jut, hogy az \u00edgy linkelt oldal harmadik szem\u00e9lyek jogait vagy a hat\u00e1lyos jogszab\u00e1lyokat s\u00e9rti, a linket halad\u00e9ktalanul elt\u00e1vol\u00edtjuk a weboldalr\u00f3l.<\/p>\n<p>A weboldal haszn\u00e1lat\u00e1val \u00d6n elfogadja az Adatkezel\u00e9si T\u00e1j\u00e9koztat\u00f3ban foglaltakat, \u00e9s hozz\u00e1j\u00e1rul az al\u00e1bbiakban meghat\u00e1rozott adatkezel\u00e9shez.<\/p>\n<p><strong>Az \u00e1ltalunk gy\u0171jt\u00f6tt szem\u00e9lyes adatok \u00e9s azok felhaszn\u00e1l\u00e1sa<\/strong><\/p>\n<ol>\n<li><strong>Kapcsolatfelv\u00e9teli \u0171rlap haszn\u00e1lata:<\/strong><br \/>Amennyiben \u00d6n a weboldalon tal\u00e1lhat\u00f3 kapcsolatfelv\u00e9teli \u0171rlapot kit\u00f6lti, az al\u00e1bbi szem\u00e9lyes adatokat kezelj\u00fck:<\/li>\n<\/ol>\n<ul>\n<li>n\u00e9v,<\/li>\n<li>telefonsz\u00e1m,<\/li>\n<li>e-mail c\u00edm.<\/li>\n<\/ul>\n<p>Ezeket az adatokat kiz\u00e1r\u00f3lag abb\u00f3l a c\u00e9lb\u00f3l kezelj\u00fck, hogy v\u00e1laszolni tudjunk megkeres\u00e9s\u00e9re, illetve kapcsolatot tartsunk \u00d6nnel. Az adatokat nem adjuk \u00e1t harmadik f\u00e9lnek, kiv\u00e9ve ha jogszab\u00e1ly erre k\u00f6telez.<\/p>\n<ol>\n<li><strong>Google reCAPTCHA v3 haszn\u00e1lata:<\/strong><br \/>Weboldalunk a Google reCAPTCHA v3 szolg\u00e1ltat\u00e1st haszn\u00e1lja a k\u00e9retlen levelek (spam) kisz\u0171r\u00e9se \u00e9rdek\u00e9ben.<\/li>\n<\/ol>\n<ul>\n<li>A szolg\u00e1ltat\u00e1s sor\u00e1n a Google inform\u00e1ci\u00f3kat gy\u0171jthet a weboldal l\u00e1togat\u00f3inak viselked\u00e9s\u00e9r\u0151l (pl. IP-c\u00edm, b\u00f6ng\u00e9sz\u00e9si adatok, eg\u00e9rmozg\u00e1sok).<\/li>\n<li>Ezeket az adatokat a Google az Egyes\u00fclt \u00c1llamokban tal\u00e1lhat\u00f3 szerverein t\u00e1rolja.<\/li>\n<li>A Google adatkezel\u00e9si ir\u00e1nyelvei a k\u00f6vetkez\u0151 linken \u00e9rhet\u0151k el: https:\/\/policies.google.com\/privacy.<\/li>\n<\/ul>\n<ol>\n<li><strong>Cookie-k haszn\u00e1lata:<\/strong><br \/>Weboldalunk \u00fan. \u201ecookie\u201d-kat (s\u00fctiket) alkalmaz a felhaszn\u00e1l\u00f3i \u00e9lm\u00e9ny jav\u00edt\u00e1sa, a forgalom elemz\u00e9se \u00e9s a spamek elleni v\u00e9delem \u00e9rdek\u00e9ben.<\/li>\n<\/ol>\n<ul>\n<li>A cookie-k kis sz\u00f6veges f\u00e1jlok, amelyeket a b\u00f6ng\u00e9sz\u0151 t\u00e1rol a felhaszn\u00e1l\u00f3 eszk\u00f6z\u00e9n.<\/li>\n<li>A cookie-k b\u00e1rmikor t\u00f6r\u00f6lhet\u0151k, illetve a b\u00f6ng\u00e9sz\u0151ben letilthat\u00f3k, azonban bizonyos funkci\u00f3k ennek k\u00f6vetkezt\u00e9ben korl\u00e1tozottan m\u0171k\u00f6dhetnek.<\/li>\n<\/ul>\n<p><strong>Adatmeg\u0151rz\u00e9s id\u0151tartama<\/strong><\/p>\n<ul>\n<li>A kapcsolatfelv\u00e9teli \u0171rlapon megadott szem\u00e9lyes adatokat a kommunik\u00e1ci\u00f3 lez\u00e1r\u00e1s\u00e1t k\u00f6vet\u0151en legfeljebb <strong>1 \u00e9vig<\/strong> \u0151rizz\u00fck meg, majd biztons\u00e1gosan t\u00f6r\u00f6lj\u00fck.<\/li>\n<li>A cookie-k t\u00e1rol\u00e1si ideje a be\u00e1ll\u00edt\u00e1sokt\u00f3l f\u00fcgg, de legfeljebb <strong>12 h\u00f3nap<\/strong>.<\/li>\n<\/ul>\n<p><strong>Felhaszn\u00e1l\u00f3i jogok<\/strong><\/p>\n<p>Az \u00e9rintett jogai v\u00e1ltozatlanok, az al\u00e1bbiak szerint:<\/p>\n<ul>\n<li>a feldolgozott szem\u00e9lyes adatokhoz val\u00f3 hozz\u00e1f\u00e9r\u00e9s joga<\/li>\n<li>a szem\u00e9lyes adatok helyesb\u00edt\u00e9s\u00e9nek joga<\/li>\n<li>az adatkezel\u00e9shez adott hozz\u00e1j\u00e1rul\u00e1s b\u00e1rmikori visszavon\u00e1s\u00e1nak joga<\/li>\n<li>a szem\u00e9lyes adatok t\u00f6rl\u00e9s\u00e9nek joga<\/li>\n<li>az adatkezel\u00e9s korl\u00e1toz\u00e1s\u00e1hoz val\u00f3 jog<\/li>\n<li>az adathordozhat\u00f3s\u00e1ghoz val\u00f3 jog<\/li>\n<li>tiltakoz\u00e1si jog az adatkezel\u00e9s ellen<\/li>\n<li>jogorvoslati lehet\u0151s\u00e9g a b\u00edr\u00f3s\u00e1gn\u00e1l vagy a rom\u00e1niai Nemzeti Adatv\u00e9delmi Hat\u00f3s\u00e1gn\u00e1l (ANSPDCP).<\/li>\n<\/ul>\n<p>Jogait b\u00e1rmikor gyakorolhatja \u00edr\u00e1sban, d\u00e1tummal \u00e9s al\u00e1\u00edr\u00e1ssal ell\u00e1tott k\u00e9relem beny\u00fajt\u00e1s\u00e1val elektronikus \u00faton a <strong>gr.nardini@eduhr.ro<\/strong> e-mail c\u00edmre, vagy postai \u00faton a fent megadott postac\u00edmre.<\/p>\n<p>[\/et_pb_toggle][\/et_pb_column][et_pb_column type=&#8221;1_2&#8243; _builder_version=&#8221;4.16&#8243; custom_padding=&#8221;30px|||&#8221; global_colors_info=&#8221;{}&#8221; custom_padding__hover=&#8221;|||&#8221;][et_pb_toggle title=&#8221;Nyilatkozat a weboldalon haszn\u00e1lt fot\u00f3k felhaszn\u00e1l\u00e1s\u00e1r\u00f3l&#8221; closed_toggle_text_color=&#8221;#FFFFFF&#8221; closed_toggle_background_color=&#8221;#0c92d1&#8243; _builder_version=&#8221;4.27.4&#8243; _module_preset=&#8221;default&#8221; closed_title_font=&#8221;Rubik||||||||&#8221; body_font_size=&#8221;13px&#8221; border_radii=&#8221;on|10px|10px|10px|10px&#8221; global_colors_info=&#8221;{}&#8221;]<\/p>\n<p>A <strong>Nardini \u00d3voda Alap\u00edtv\u00e1ny<\/strong> (sz\u00e9khely: Sz\u00e9kelyudvarhely, Pet\u0151fi S\u00e1ndor utca 3. sz\u00e1m, Hargita megye, Rom\u00e1nia, telefon: 0745575360, e-mail: gr.nardini@eduhr.ro) ez\u00faton t\u00e1j\u00e9koztatja a <a href=\"http:\/\/www.nardini.ro\/\">www.nardini.ro<\/a> weboldal l\u00e1togat\u00f3it, hogy a honlapon megjelen\u0151 fot\u00f3kon szerepl\u0151 gyermekek t\u00f6rv\u00e9nyes k\u00e9pvisel\u0151i (sz\u00fcleik\/gondvisel\u0151ik) el\u0151zetesen, \u00edr\u00e1sban hozz\u00e1j\u00e1rultak gyermek\u00fck k\u00e9pm\u00e1s\u00e1nak felhaszn\u00e1l\u00e1s\u00e1hoz.<\/p>\n<h2>A k\u00e9pek felhaszn\u00e1l\u00e1s\u00e1nak c\u00e9lja<\/h2>\n<p>A felv\u00e9telek k\u00f6zz\u00e9t\u00e9tel\u00e9nek c\u00e9lja kiz\u00e1r\u00f3lag az \u00f3voda tev\u00e9kenys\u00e9geinek, programjainak, mindennapi \u00e9let\u00e9nek bemutat\u00e1sa, valamint az \u00f3voda k\u00f6z\u00f6ss\u00e9g\u00e9nek \u00e9s szellemis\u00e9g\u00e9nek megismertet\u00e9se a nagyk\u00f6z\u00f6ns\u00e9ggel.<\/p>\n<h2>A k\u00e9pek felhaszn\u00e1l\u00e1s\u00e1nak m\u00f3dja \u00e9s k\u00f6re<\/h2>\n<ul>\n<li>A f\u00e9nyk\u00e9pek megjelenhetnek a <a href=\"http:\/\/www.nardini.ro\/\">www.nardini.ro<\/a> weboldalon, az \u00f3voda hivatalos k\u00f6z\u00f6ss\u00e9gi m\u00e9dia fel\u00fcletein, valamint az alap\u00edtv\u00e1ny hivatalos t\u00e1j\u00e9koztat\u00f3 kiadv\u00e1nyaiban.<\/li>\n<li>A felhaszn\u00e1l\u00e1s mindig az \u00f3voda tev\u00e9kenys\u00e9g\u00e9hez kapcsol\u00f3dik, kereskedelmi c\u00e9lra a k\u00e9pek nem ker\u00fclnek felhaszn\u00e1l\u00e1sra.<\/li>\n<li>A k\u00e9pek t\u00e1rol\u00e1sa biztons\u00e1gos m\u00f3don t\u00f6rt\u00e9nik, \u00e9s kiz\u00e1r\u00f3lag az \u00f3voda \u00e1ltal kijel\u00f6lt felel\u0151s szem\u00e9lyek f\u00e9rhetnek hozz\u00e1.<\/li>\n<\/ul>\n<h2>A sz\u00fcl\u0151k\/gondvisel\u0151k jogai<\/h2>\n<p>A gyermek t\u00f6rv\u00e9nyes k\u00e9pvisel\u0151je jogosult:<\/p>\n<ul>\n<li>b\u00e1rmikor \u00edr\u00e1sban visszavonni a kor\u00e1bban adott hozz\u00e1j\u00e1rul\u00e1st,<\/li>\n<li>k\u00e9rni gyermeke k\u00e9pm\u00e1s\u00e1nak t\u00f6rl\u00e9s\u00e9t a weboldalr\u00f3l \u00e9s az \u00f3voda online fel\u00fcleteir\u0151l,<\/li>\n<li>tiltakozni a k\u00e9pm\u00e1s tov\u00e1bbi felhaszn\u00e1l\u00e1sa ellen.<\/li>\n<\/ul>\n<p>\u00cdr\u00e1sbeli k\u00e9relmet a k\u00f6vetkez\u0151 el\u00e9rhet\u0151s\u00e9geken lehet beny\u00fajtani:<\/p>\n<ul>\n<li>e-mailben: <strong>gr.nardini@eduhr.ro<\/strong><\/li>\n<li>postai \u00faton: <strong>Nardini \u00d3voda Alap\u00edtv\u00e1ny, Sz\u00e9kelyudvarhely, Pet\u0151fi S\u00e1ndor utca 3. sz\u00e1m, Hargita megye, Rom\u00e1nia<\/strong>.<\/li>\n<\/ul>\n<p>A k\u00e9relmeket az alap\u00edtv\u00e1ny halad\u00e9ktalanul feldolgozza, \u00e9s a lehet\u0151 legr\u00f6videbb id\u0151n bel\u00fcl int\u00e9zkedik a k\u00e9rt t\u00f6rl\u00e9sr\u0151l.<\/p>\n<h2>Felel\u0151ss\u00e9g<\/h2>\n<p>Az alap\u00edtv\u00e1ny minden esetben t\u00f6rekszik arra, hogy a gyermekek k\u00e9pm\u00e1s\u00e1t m\u00e9lt\u00f3s\u00e1guk \u00e9s j\u00f3 h\u00edrnev\u00fck tiszteletben tart\u00e1s\u00e1val haszn\u00e1lja fel.<\/p>\n<p>[\/et_pb_toggle][\/et_pb_column][\/et_pb_row][\/et_pb_section][et_pb_section fb_built=&#8221;1&#8243; fullwidth=&#8221;on&#8221; _builder_version=&#8221;4.27.4&#8243; _module_preset=&#8221;default&#8221; global_colors_info=&#8221;{}&#8221;][et_pb_fullwidth_image src=&#8221;https:\/\/nardini.ro\/wp-content\/uploads\/2025\/09\/Bethelen-Gabor-alap2.webp&#8221; title_text=&#8221;Bethelen Gabor alap2&#8243; _builder_version=&#8221;4.27.4&#8243; _module_preset=&#8221;default&#8221; global_colors_info=&#8221;{}&#8221;][\/et_pb_fullwidth_image][\/et_pb_section]<\/p>\n","protected":false},"excerpt":{"rendered":"<p>A Nardini \u00d3voda Alap\u00edtv\u00e1ny a rom\u00e1niai t\u00f6rv\u00e9nyeknek \u00e9s az Eur\u00f3pai Uni\u00f3 \u00e1ltal\u00e1nos adatv\u00e9delmi rendelet\u00e9nek (GDPR \u2013 2016\/679\/EU rendelet) megfelel\u0151en m\u0171k\u00f6dik.C\u00edm: Sz\u00e9kelyudvarhely, Pet\u0151fi S\u00e1ndor utca 3. sz\u00e1m, Hargita megye, Rom\u00e1niaTelefon: 0745575360E-mail: gr.nardini@eduhr.ro Jelen t\u00e1j\u00e9koztat\u00f3 a www.nardini.ro weboldalon kereszt\u00fcl gy\u0171jt\u00f6tt szem\u00e9lyes adatok t\u00e1rol\u00e1s\u00e1r\u00f3l, felhaszn\u00e1l\u00e1s\u00e1r\u00f3l \u00e9s v\u00e9delm\u00e9r\u0151l sz\u00f3l. A Nardini \u00d3voda Alap\u00edtv\u00e1ny a weboldalr\u00f3l ugr\u00f3pontk\u00e9nt el\u00e9rhet\u0151 k\u00fcls\u0151 honlapok [&hellip;]<\/p>\n","protected":false},"author":1,"featured_media":0,"parent":0,"menu_order":0,"comment_status":"closed","ping_status":"closed","template":"","meta":{"_et_pb_use_builder":"on","_et_pb_old_content":"","_et_gb_content_width":"","footnotes":""},"dipi_cpt_category":[],"class_list":["post-361","page","type-page","status-publish","hentry"],"yoast_head":"<!-- This site is optimized with the Yoast SEO plugin v27.1.1 - https:\/\/yoast.com\/product\/yoast-seo-wordpress\/ -->\n<title>Jogi dokumentumok - Nardini napk\u00f6zi<\/title>\n<meta name=\"robots\" content=\"index, follow, max-snippet:-1, max-image-preview:large, max-video-preview:-1\" \/>\n<link rel=\"canonical\" href=\"https:\/\/nardini.ro\/ro\/jogi-dokumentumok\/\" \/>\n<meta property=\"og:locale\" content=\"ro_RO\" \/>\n<meta property=\"og:type\" content=\"article\" \/>\n<meta property=\"og:title\" content=\"Jogi dokumentumok - Nardini napk\u00f6zi\" \/>\n<meta property=\"og:description\" content=\"A Nardini \u00d3voda Alap\u00edtv\u00e1ny a rom\u00e1niai t\u00f6rv\u00e9nyeknek \u00e9s az Eur\u00f3pai Uni\u00f3 \u00e1ltal\u00e1nos adatv\u00e9delmi rendelet\u00e9nek (GDPR \u2013 2016\/679\/EU rendelet) megfelel\u0151en m\u0171k\u00f6dik.C\u00edm: Sz\u00e9kelyudvarhely, Pet\u0151fi S\u00e1ndor utca 3. sz\u00e1m, Hargita megye, Rom\u00e1niaTelefon: 0745575360E-mail: gr.nardini@eduhr.ro Jelen t\u00e1j\u00e9koztat\u00f3 a www.nardini.ro weboldalon kereszt\u00fcl gy\u0171jt\u00f6tt szem\u00e9lyes adatok t\u00e1rol\u00e1s\u00e1r\u00f3l, felhaszn\u00e1l\u00e1s\u00e1r\u00f3l \u00e9s v\u00e9delm\u00e9r\u0151l sz\u00f3l. A Nardini \u00d3voda Alap\u00edtv\u00e1ny a weboldalr\u00f3l ugr\u00f3pontk\u00e9nt el\u00e9rhet\u0151 k\u00fcls\u0151 honlapok [&hellip;]\" \/>\n<meta property=\"og:url\" content=\"https:\/\/nardini.ro\/ro\/jogi-dokumentumok\/\" \/>\n<meta property=\"og:site_name\" content=\"Nardini napk\u00f6zi\" \/>\n<meta property=\"article:modified_time\" content=\"2025-11-21T07:27:50+00:00\" \/>\n<meta name=\"twitter:card\" content=\"summary_large_image\" \/>\n<script type=\"application\/ld+json\" class=\"yoast-schema-graph\">{\"@context\":\"https:\/\/schema.org\",\"@graph\":[{\"@type\":\"WebPage\",\"@id\":\"https:\/\/nardini.ro\/jogi-dokumentumok\/\",\"url\":\"https:\/\/nardini.ro\/jogi-dokumentumok\/\",\"name\":\"Jogi dokumentumok - Nardini napk\u00f6zi\",\"isPartOf\":{\"@id\":\"https:\/\/nardini.ro\/#website\"},\"datePublished\":\"2025-09-03T19:11:29+00:00\",\"dateModified\":\"2025-11-21T07:27:50+00:00\",\"breadcrumb\":{\"@id\":\"https:\/\/nardini.ro\/jogi-dokumentumok\/#breadcrumb\"},\"inLanguage\":\"ro-RO\",\"potentialAction\":[{\"@type\":\"ReadAction\",\"target\":[\"https:\/\/nardini.ro\/jogi-dokumentumok\/\"]}]},{\"@type\":\"BreadcrumbList\",\"@id\":\"https:\/\/nardini.ro\/jogi-dokumentumok\/#breadcrumb\",\"itemListElement\":[{\"@type\":\"ListItem\",\"position\":1,\"name\":\"Home\",\"item\":\"https:\/\/nardini.ro\/\"},{\"@type\":\"ListItem\",\"position\":2,\"name\":\"Jogi dokumentumok\"}]},{\"@type\":\"WebSite\",\"@id\":\"https:\/\/nardini.ro\/#website\",\"url\":\"https:\/\/nardini.ro\/\",\"name\":\"Nardini napk\u00f6zi\",\"description\":\"A Nardini napk\u00f6zi hivatalos honlapja\",\"potentialAction\":[{\"@type\":\"SearchAction\",\"target\":{\"@type\":\"EntryPoint\",\"urlTemplate\":\"https:\/\/nardini.ro\/?s={search_term_string}\"},\"query-input\":{\"@type\":\"PropertyValueSpecification\",\"valueRequired\":true,\"valueName\":\"search_term_string\"}}],\"inLanguage\":\"ro-RO\"}]}<\/script>\n<!-- \/ Yoast SEO plugin. -->","yoast_head_json":{"title":"Jogi dokumentumok - Nardini napk\u00f6zi","robots":{"index":"index","follow":"follow","max-snippet":"max-snippet:-1","max-image-preview":"max-image-preview:large","max-video-preview":"max-video-preview:-1"},"canonical":"https:\/\/nardini.ro\/ro\/jogi-dokumentumok\/","og_locale":"ro_RO","og_type":"article","og_title":"Jogi dokumentumok - Nardini napk\u00f6zi","og_description":"A Nardini \u00d3voda Alap\u00edtv\u00e1ny a rom\u00e1niai t\u00f6rv\u00e9nyeknek \u00e9s az Eur\u00f3pai Uni\u00f3 \u00e1ltal\u00e1nos adatv\u00e9delmi rendelet\u00e9nek (GDPR \u2013 2016\/679\/EU rendelet) megfelel\u0151en m\u0171k\u00f6dik.C\u00edm: Sz\u00e9kelyudvarhely, Pet\u0151fi S\u00e1ndor utca 3. sz\u00e1m, Hargita megye, Rom\u00e1niaTelefon: 0745575360E-mail: gr.nardini@eduhr.ro Jelen t\u00e1j\u00e9koztat\u00f3 a www.nardini.ro weboldalon kereszt\u00fcl gy\u0171jt\u00f6tt szem\u00e9lyes adatok t\u00e1rol\u00e1s\u00e1r\u00f3l, felhaszn\u00e1l\u00e1s\u00e1r\u00f3l \u00e9s v\u00e9delm\u00e9r\u0151l sz\u00f3l. A Nardini \u00d3voda Alap\u00edtv\u00e1ny a weboldalr\u00f3l ugr\u00f3pontk\u00e9nt el\u00e9rhet\u0151 k\u00fcls\u0151 honlapok [&hellip;]","og_url":"https:\/\/nardini.ro\/ro\/jogi-dokumentumok\/","og_site_name":"Nardini napk\u00f6zi","article_modified_time":"2025-11-21T07:27:50+00:00","twitter_card":"summary_large_image","schema":{"@context":"https:\/\/schema.org","@graph":[{"@type":"WebPage","@id":"https:\/\/nardini.ro\/jogi-dokumentumok\/","url":"https:\/\/nardini.ro\/jogi-dokumentumok\/","name":"Jogi dokumentumok - Nardini napk\u00f6zi","isPartOf":{"@id":"https:\/\/nardini.ro\/#website"},"datePublished":"2025-09-03T19:11:29+00:00","dateModified":"2025-11-21T07:27:50+00:00","breadcrumb":{"@id":"https:\/\/nardini.ro\/jogi-dokumentumok\/#breadcrumb"},"inLanguage":"ro-RO","potentialAction":[{"@type":"ReadAction","target":["https:\/\/nardini.ro\/jogi-dokumentumok\/"]}]},{"@type":"BreadcrumbList","@id":"https:\/\/nardini.ro\/jogi-dokumentumok\/#breadcrumb","itemListElement":[{"@type":"ListItem","position":1,"name":"Home","item":"https:\/\/nardini.ro\/"},{"@type":"ListItem","position":2,"name":"Jogi dokumentumok"}]},{"@type":"WebSite","@id":"https:\/\/nardini.ro\/#website","url":"https:\/\/nardini.ro\/","name":"Nardini napk\u00f6zi","description":"A Nardini napk\u00f6zi hivatalos honlapja","potentialAction":[{"@type":"SearchAction","target":{"@type":"EntryPoint","urlTemplate":"https:\/\/nardini.ro\/?s={search_term_string}"},"query-input":{"@type":"PropertyValueSpecification","valueRequired":true,"valueName":"search_term_string"}}],"inLanguage":"ro-RO"}]}},"_links":{"self":[{"href":"https:\/\/nardini.ro\/ro\/wp-json\/wp\/v2\/pages\/361","targetHints":{"allow":["GET"]}}],"collection":[{"href":"https:\/\/nardini.ro\/ro\/wp-json\/wp\/v2\/pages"}],"about":[{"href":"https:\/\/nardini.ro\/ro\/wp-json\/wp\/v2\/types\/page"}],"author":[{"embeddable":true,"href":"https:\/\/nardini.ro\/ro\/wp-json\/wp\/v2\/users\/1"}],"replies":[{"embeddable":true,"href":"https:\/\/nardini.ro\/ro\/wp-json\/wp\/v2\/comments?post=361"}],"version-history":[{"count":14,"href":"https:\/\/nardini.ro\/ro\/wp-json\/wp\/v2\/pages\/361\/revisions"}],"predecessor-version":[{"id":552,"href":"https:\/\/nardini.ro\/ro\/wp-json\/wp\/v2\/pages\/361\/revisions\/552"}],"wp:attachment":[{"href":"https:\/\/nardini.ro\/ro\/wp-json\/wp\/v2\/media?parent=361"}],"wp:term":[{"taxonomy":"dipi_cpt_category","embeddable":true,"href":"https:\/\/nardini.ro\/ro\/wp-json\/wp\/v2\/dipi_cpt_category?post=361"}],"curies":[{"name":"wp","href":"https:\/\/api.w.org\/{rel}","templated":true}]}}