{"id":314,"date":"2025-09-03T17:21:38","date_gmt":"2025-09-03T17:21:38","guid":{"rendered":"https:\/\/nardini.ro\/?page_id=314"},"modified":"2025-09-16T08:30:59","modified_gmt":"2025-09-16T08:30:59","slug":"iratkozas","status":"publish","type":"page","link":"https:\/\/nardini.ro\/ro\/iratkozas\/","title":{"rendered":"\u00censcriere"},"content":{"rendered":"<p>[et_pb_section fb_built=&#8221;1&#8243; fullwidth=&#8221;on&#8221; admin_label=&#8221;Hero&#8221; _builder_version=&#8221;4.27.4&#8243; background_image=&#8221;https:\/\/nardini.ro\/wp-content\/uploads\/2025\/09\/iratkozas.webp&#8221; parallax=&#8221;on&#8221; top_divider_style=&#8221;clouds2&#8243; top_divider_color=&#8221;rgba(255,255,255,0.3)&#8221; top_divider_height=&#8221;100%&#8221; bottom_divider_height=&#8221;30px&#8221; global_colors_info=&#8221;{}&#8221;][et_pb_fullwidth_header title=&#8221;Inform\u00e1ci\u00f3k:&#8221; subhead=&#8221;Iratkoz\u00e1s&#8221; text_orientation=&#8221;center&#8221; _builder_version=&#8221;4.27.4&#8243; title_level=&#8221;h2&#8243; title_font=&#8221;Rubik|700||on|||||&#8221; title_text_color=&#8221;#4f3800&#8243; title_font_size=&#8221;16px&#8221; title_letter_spacing=&#8221;5px&#8221; title_line_height=&#8221;2em&#8221; content_font=&#8221;Rubik||||||||&#8221; content_font_size=&#8221;18px&#8221; content_line_height=&#8221;2em&#8221; subhead_font=&#8221;Rubik|700|||||||&#8221; subhead_text_color=&#8221;#2e8416&#8243; subhead_font_size=&#8221;50px&#8221; subhead_line_height=&#8221;1.4em&#8221; background_color=&#8221;rgba(255,255,255,0)&#8221; use_background_color_gradient=&#8221;on&#8221; background_color_gradient_stops=&#8221;rgba(255,255,255,0.32) 0%|rgba(255,255,255,0.4) 99%&#8221; background_color_gradient_start=&#8221;rgba(255,255,255,0.7)&#8221; background_color_gradient_end=&#8221;#ffffff&#8221; background_size=&#8221;contain&#8221; background_position=&#8221;bottom_center&#8221; custom_button_one=&#8221;on&#8221; button_one_text_size=&#8221;16px&#8221; button_one_text_color=&#8221;#ffffff&#8221; button_one_bg_color=&#8221;#ff7355&#8243; button_one_border_width=&#8221;15px&#8221; button_one_border_color=&#8221;rgba(210,159,104,0)&#8221; button_one_border_radius=&#8221;100px&#8221; button_one_letter_spacing=&#8221;0px&#8221; button_one_font=&#8221;Rubik|700|||||||&#8221; button_one_use_icon=&#8221;off&#8221; custom_button_two=&#8221;on&#8221; button_two_text_size=&#8221;16px&#8221; button_two_text_color=&#8221;#ffffff&#8221; button_two_bg_color=&#8221;rgba(0,0,0,0.6)&#8221; button_two_border_width=&#8221;15px&#8221; button_two_border_color=&#8221;rgba(210,159,104,0)&#8221; button_two_border_radius=&#8221;100px&#8221; button_two_letter_spacing=&#8221;0px&#8221; button_two_font=&#8221;Rubik|700|||||||&#8221; button_two_use_icon=&#8221;off&#8221; background_layout=&#8221;light&#8221; custom_margin=&#8221;|||&#8221; custom_padding=&#8221;8vw||12vw|||&#8221; animation_style=&#8221;slide&#8221; animation_direction=&#8221;bottom&#8221; animation_intensity_slide=&#8221;1%&#8221; subhead_font_size_tablet=&#8221;&#8221; subhead_font_size_phone=&#8221;30px&#8221; subhead_font_size_last_edited=&#8221;on|phone&#8221; button_one_border_radius_hover=&#8221;100px&#8221; button_two_border_radius_hover=&#8221;100px&#8221; button_one_bg_color_hover=&#8221;#ff8a70&#8243; button_two_bg_color_hover=&#8221;#ff8a70&#8243; global_colors_info=&#8221;{}&#8221; button_one_text_size__hover_enabled=&#8221;off&#8221; button_two_text_size__hover_enabled=&#8221;off&#8221; button_one_text_color__hover_enabled=&#8221;off&#8221; button_two_text_color__hover_enabled=&#8221;off&#8221; button_one_border_width__hover_enabled=&#8221;off&#8221; button_two_border_width__hover_enabled=&#8221;off&#8221; button_one_border_color__hover_enabled=&#8221;off&#8221; button_two_border_color__hover_enabled=&#8221;off&#8221; button_one_border_radius__hover_enabled=&#8221;on&#8221; button_one_border_radius__hover=&#8221;100px&#8221; button_two_border_radius__hover_enabled=&#8221;on&#8221; button_two_border_radius__hover=&#8221;100px&#8221; button_one_letter_spacing__hover_enabled=&#8221;off&#8221; button_two_letter_spacing__hover_enabled=&#8221;off&#8221; button_one_bg_color__hover_enabled=&#8221;on&#8221; button_one_bg_color__hover=&#8221;#ff8a70&#8243; button_two_bg_color__hover_enabled=&#8221;on&#8221; button_two_bg_color__hover=&#8221;#ff8a70&#8243;][\/et_pb_fullwidth_header][\/et_pb_section][et_pb_section fb_built=&#8221;1&#8243; admin_label=&#8221;Admissions&#8221; _builder_version=&#8221;4.16&#8243; use_background_color_gradient=&#8221;on&#8221; background_color_gradient_stops=&#8221;#ffffff 0%|#e3e3e8 100%&#8221; background_color_gradient_start=&#8221;#ffffff&#8221; background_color_gradient_end=&#8221;#e3e3e8&#8243; background_image=&#8221;https:\/\/nardini.ro\/wp-content\/uploads\/2025\/09\/shapes-bg-1.png&#8221; parallax=&#8221;on&#8221; custom_padding=&#8221;|||&#8221; global_colors_info=&#8221;{}&#8221;][et_pb_row column_structure=&#8221;1_2,1_2&#8243; _builder_version=&#8221;4.16&#8243; global_colors_info=&#8221;{}&#8221;][et_pb_column type=&#8221;1_2&#8243; _builder_version=&#8221;4.16&#8243; custom_padding=&#8221;|||&#8221; global_colors_info=&#8221;{}&#8221; custom_padding__hover=&#8221;|||&#8221;][et_pb_text _builder_version=&#8221;4.16&#8243; text_font=&#8221;Rubik|500|||||||&#8221; text_font_size=&#8221;16px&#8221; text_line_height=&#8221;2em&#8221; header_font=&#8221;||||||||&#8221; header_2_font=&#8221;Rubik|700|||||||&#8221; header_2_font_size=&#8221;40px&#8221; header_2_line_height=&#8221;1.4em&#8221; header_5_font=&#8221;Rubik|700||on|||||&#8221; header_5_text_color=&#8221;#2b76df&#8221; header_5_letter_spacing=&#8221;5px&#8221; header_5_line_height=&#8221;1.5em&#8221; max_width=&#8221;700px&#8221; module_alignment=&#8221;center&#8221; custom_margin=&#8221;|||&#8221; custom_margin_tablet=&#8221;0px|||&#8221; custom_margin_last_edited=&#8221;off|desktop&#8221; text_line_height_last_edited=&#8221;off|desktop&#8221; header_2_font_size_tablet=&#8221;&#8221; header_2_font_size_phone=&#8221;30px&#8221; header_2_font_size_last_edited=&#8221;on|phone&#8221; locked=&#8221;off&#8221; global_colors_info=&#8221;{}&#8221;]<\/p>\n<h5>Inf\u00f3k \u00e9s sz\u00fcks\u00e9ges dokumentumok<\/h5>\n<h2>Iratkoz\u00e1s<\/h2>\n<p>M\u00e1ra m\u00e1r rendk\u00edv\u00fcl rugalmas felt\u00e9telek mellett lehet jelentkezni az \u00f3vod\u00e1nkba. Ezek r\u00f6viden a k\u00f6vetkez\u0151k:<br \/>&#8211; \u00f3vod\u00e1nkba b\u00e1rki jelentkezhet<br \/>&#8211; nem krit\u00e9rium a szobatisztas\u00e1g sem<br \/>&#8211; legyen megkeresztelve a gyermek<\/p>\n<p>A jeletkez\u00e9shez sz\u00fcks\u00e9ges kit\u00f6lteni egy jelentkez\u00e9si \u0171rlapot, majd ezt k\u00f6vet\u0151en a titk\u00e1rs\u00e1gr\u00f3l felvessz\u00fck a sz\u00fcl\u0151kkel a kapcsolatot. Minden felv\u00e9tel el\u0151tt szem\u00e9lyes besz\u00e9lget\u00e9sre h\u00edvjuk meg a sz\u00fcl\u0151ket. K\u00f6rbevezetj\u00fck \u0151ket, bemutatjuk a napk\u00f6zit, \u00edgy van lehet\u0151s\u00e9g teljes betekint\u00e9st nyerni a m\u0171k\u00f6d\u00e9s\u00fcnkbe.<\/p>\n<p>\u00c9v k\u00f6zben is lehet iratkozni hozz\u00e1nk, nem csak a megszabott id\u0151szakban.<\/p>\n<p><span style=\"color: #e02b20;\">Amennyiben a jelentkez\u00e9si \u0171rlap inakt\u00edv, beteltek a helyeink, de vegye fel a kapcsolatot a titk\u00e1rs\u00e1gunkkal.<\/span><\/p>\n<p>&nbsp;<\/p>\n<p>[\/et_pb_text][et_pb_blurb title=&#8221;\u00c9rdekl\u0151dj\u00f6n titk\u00e1rs\u00e1gunkon&#8221; use_icon=&#8221;on&#8221; font_icon=&#8221;&#xe090;||divi||400&#8243; icon_color=&#8221;#7f5aff&#8221; image_icon_background_color=&#8221;#ffffff&#8221; icon_placement=&#8221;left&#8221; image_icon_width=&#8221;24px&#8221; _builder_version=&#8221;4.27.4&#8243; header_font=&#8221;Rubik|700||on|||||&#8221; header_font_size=&#8221;12px&#8221; header_letter_spacing=&#8221;3px&#8221; header_line_height=&#8221;1.2em&#8221; body_font=&#8221;Rubik||||||||&#8221; body_text_color=&#8221;#7f5aff&#8221; image_icon_custom_padding=&#8221;8px|8px|8px|8px|false|false&#8221; animation=&#8221;off&#8221; border_radii_image=&#8221;on|100%|100%|100%|100%&#8221; border_width_all_image=&#8221;2px&#8221; border_color_all_image=&#8221;#ffffff&#8221; icon_font_size=&#8221;24px&#8221; use_circle=&#8221;on&#8221; use_circle_border=&#8221;on&#8221; circle_border_color=&#8221;#ffffff&#8221; circle_color=&#8221;#ffffff&#8221; locked=&#8221;off&#8221; global_colors_info=&#8221;{}&#8221; image_icon_background_color__sticky_enabled=&#8221;#7EBEC5&#8243; image_icon_background_color__sticky=&#8221;#7EBEC5&#8243;]<\/p>\n<p><a href=\"tel:0040745575360\"><span>+40 745 575 360<\/span><\/a><\/p>\n<p>[\/et_pb_blurb][et_pb_blurb title=&#8221;\u00cdrjon nek\u00fcnk&#8221; use_icon=&#8221;on&#8221; font_icon=&#8221;&#xe076;||divi||400&#8243; icon_color=&#8221;#ff7355&#8243; image_icon_background_color=&#8221;#ffffff&#8221; icon_placement=&#8221;left&#8221; image_icon_width=&#8221;24px&#8221; _builder_version=&#8221;4.27.4&#8243; header_font=&#8221;Rubik|700||on|||||&#8221; header_font_size=&#8221;12px&#8221; header_letter_spacing=&#8221;3px&#8221; header_line_height=&#8221;1.2em&#8221; body_font=&#8221;Rubik||||||||&#8221; body_text_color=&#8221;#ff7355&#8243; image_icon_custom_padding=&#8221;8px|8px|8px|8px|false|false&#8221; animation=&#8221;off&#8221; hover_enabled=&#8221;0&#8243; border_radii_image=&#8221;on|100%|100%|100%|100%&#8221; border_width_all_image=&#8221;2px&#8221; border_color_all_image=&#8221;#ffffff&#8221; icon_font_size=&#8221;24px&#8221; use_circle=&#8221;on&#8221; use_circle_border=&#8221;on&#8221; circle_border_color=&#8221;#ffffff&#8221; circle_color=&#8221;#ffffff&#8221; global_colors_info=&#8221;{}&#8221; image_icon_background_color__sticky_enabled=&#8221;#7EBEC5&#8243; image_icon_background_color__sticky=&#8221;#7EBEC5&#8243; sticky_enabled=&#8221;0&#8243;]<\/p>\n<p><a href=\"mailto:gr.nardini@eduhr.ro\">gr.nardini@eduhr.ro<\/a><\/p>\n<p>[\/et_pb_blurb][\/et_pb_column][et_pb_column type=&#8221;1_2&#8243; _builder_version=&#8221;4.16&#8243; custom_padding=&#8221;|||&#8221; global_colors_info=&#8221;{}&#8221; custom_padding__hover=&#8221;|||&#8221;][et_pb_text _builder_version=&#8221;4.27.4&#8243; text_font=&#8221;Rubik|500|||||||&#8221; text_font_size=&#8221;16px&#8221; text_line_height=&#8221;2em&#8221; header_font=&#8221;||||||||&#8221; header_2_font=&#8221;||||||||&#8221; header_3_font=&#8221;Rubik|700|||||||&#8221; header_3_text_color=&#8221;#2b76df&#8221; header_3_font_size=&#8221;24px&#8221; header_5_font=&#8221;||||||||&#8221; max_width=&#8221;700px&#8221; module_alignment=&#8221;center&#8221; custom_margin=&#8221;|||&#8221; custom_margin_tablet=&#8221;0px|||&#8221; custom_margin_last_edited=&#8221;off|desktop&#8221; animation_style=&#8221;zoom&#8221; animation_intensity_zoom=&#8221;10%&#8221; text_line_height_last_edited=&#8221;off|desktop&#8221; header_2_font_size_phone=&#8221;30px&#8221; header_2_font_size_last_edited=&#8221;off|desktop&#8221; global_colors_info=&#8221;{}&#8221;]<\/p>\n<h3>A jelentkez\u00e9shez sz\u00fcks\u00e9ges iratok:<\/h3>\n<ul>\n<li>A gyermek sz\u00fclet\u00e9si bizony\u00edtv\u00e1ny m\u00e1solata<\/li>\n<li>Mindk\u00e9t sz\u00fcl\u0151 szem\u00e9lyazonoss\u00e1gi m\u00e1solata<\/li>\n<li>Mindk\u00e9t sz\u00fcl\u0151 munkahely\u00e9r\u0151l igazol\u00e1s\/p\u00e9nz\u00fcgyt\u0151l<\/li>\n<li>Igazol\u00e1s\/sommerigazol\u00e1s\/nyugd\u00edjigazol\u00e1s<\/li>\n<\/ul>\n<p>[\/et_pb_text][et_pb_text _builder_version=&#8221;4.27.4&#8243; text_font=&#8221;Rubik|500|||||||&#8221; text_font_size=&#8221;16px&#8221; text_line_height=&#8221;2em&#8221; header_font=&#8221;||||||||&#8221; header_2_font=&#8221;||||||||&#8221; header_3_font=&#8221;Rubik|700|||||||&#8221; header_3_text_color=&#8221;#ff7355&#8243; header_3_font_size=&#8221;24px&#8221; header_5_font=&#8221;||||||||&#8221; max_width=&#8221;700px&#8221; module_alignment=&#8221;center&#8221; custom_margin=&#8221;|||&#8221; custom_margin_tablet=&#8221;0px|||&#8221; custom_margin_last_edited=&#8221;off|desktop&#8221; animation_style=&#8221;zoom&#8221; animation_intensity_zoom=&#8221;10%&#8221; text_line_height_last_edited=&#8221;off|desktop&#8221; header_2_font_size_phone=&#8221;30px&#8221; header_2_font_size_last_edited=&#8221;off|desktop&#8221; global_colors_info=&#8221;{}&#8221;]<\/p>\n<h3>Specifikus iratok esetenk\u00e9nt:<\/h3>\n<ul>\n<li>Szoci\u00e1lis oszt\u00e1lyr\u00f3l igazol\u00e1s csal\u00e1di p\u00f3tl\u00e9kra<\/li>\n<li>CES dokumentum<\/li>\n<li>Rokon gondj\u00e1ra b\u00edzott gyermek eset\u00e9n annak a sz\u00fcl\u0151i nyilatkozata \u00e9s a rokon szem\u00e9lyazonoss\u00e1gi m\u00e1solata<\/li>\n<li>\u00d6r\u00f6kbefogad\u00e1st igazol\u00f3 dokumentum<\/li>\n<li>Ha a gyermek sz\u00fcl\u0151je\/testv\u00e9re volt \u00f3vod\u00e1sunk r\u00e9gen, akkor annak a sz\u00fclet\u00e9si bizony\u00edtv\u00e1nya.<\/li>\n<\/ul>\n<p>[\/et_pb_text][et_pb_text _builder_version=&#8221;4.27.4&#8243; text_font=&#8221;Rubik|500|||||||&#8221; text_font_size=&#8221;16px&#8221; text_line_height=&#8221;2em&#8221; header_font=&#8221;||||||||&#8221; header_2_font=&#8221;||||||||&#8221; header_3_font=&#8221;Rubik|700|||||||&#8221; header_3_text_color=&#8221;#74bc19&#8243; header_3_font_size=&#8221;24px&#8221; header_5_font=&#8221;||||||||&#8221; max_width=&#8221;700px&#8221; module_alignment=&#8221;center&#8221; custom_margin=&#8221;|||&#8221; custom_margin_tablet=&#8221;0px|||&#8221; custom_margin_last_edited=&#8221;off|desktop&#8221; animation_style=&#8221;zoom&#8221; animation_intensity_zoom=&#8221;10%&#8221; text_line_height_last_edited=&#8221;off|desktop&#8221; header_2_font_size_phone=&#8221;30px&#8221; header_2_font_size_last_edited=&#8221;off|desktop&#8221; global_colors_info=&#8221;{}&#8221;]<\/p>\n<h3>\u00d3vodakezd\u00e9s napj\u00e1n:<\/h3>\n<ul>\n<li>Orvosi igazol\u00e1s a csal\u00e1dorvost\u00f3l<\/li>\n<\/ul>\n<p>[\/et_pb_text][\/et_pb_column][\/et_pb_row][et_pb_row _builder_version=&#8221;4.27.4&#8243; _module_preset=&#8221;default&#8221; custom_padding=&#8221;33px||34px|||&#8221; global_colors_info=&#8221;{}&#8221;][et_pb_column type=&#8221;4_4&#8243; _builder_version=&#8221;4.27.4&#8243; _module_preset=&#8221;default&#8221; global_colors_info=&#8221;{}&#8221;][et_pb_button button_url=&#8221;https:\/\/docs.google.com\/forms\/d\/e\/1FAIpQLSc-BrJHQXxdo3uMmD7mK9NDJ0JjSpvTABSv2pJiC06b1DwY2w\/closedform&#8221; url_new_window=&#8221;on&#8221; button_text=&#8221;Jelentkez\u00e9si \u0171rlap&#8221; button_alignment=&#8221;center&#8221; _builder_version=&#8221;4.27.4&#8243; _module_preset=&#8221;default&#8221; custom_button=&#8221;on&#8221; button_text_color=&#8221;#FFFFFF&#8221; button_bg_color=&#8221;#ef9064&#8243; button_border_width=&#8221;0px&#8221; button_border_radius=&#8221;35px&#8221; button_font=&#8221;Rubik||||||||&#8221; button_icon=&#8221;&#xe059;||divi||400&#8243; custom_padding=&#8221;10px||10px||false|false&#8221; global_colors_info=&#8221;{}&#8221;][\/et_pb_button][\/et_pb_column][\/et_pb_row][\/et_pb_section][et_pb_section fb_built=&#8221;1&#8243; fullwidth=&#8221;on&#8221; _builder_version=&#8221;4.27.4&#8243; _module_preset=&#8221;default&#8221; global_colors_info=&#8221;{}&#8221;][et_pb_fullwidth_image src=&#8221;https:\/\/nardini.ro\/wp-content\/uploads\/2025\/09\/Bethelen-Gabor-alap2.webp&#8221; title_text=&#8221;Bethelen Gabor alap2&#8243; _builder_version=&#8221;4.27.4&#8243; _module_preset=&#8221;default&#8221; global_colors_info=&#8221;{}&#8221;][\/et_pb_fullwidth_image][\/et_pb_section]<\/p>\n","protected":false},"excerpt":{"rendered":"<p>Inf\u00f3k \u00e9s sz\u00fcks\u00e9ges dokumentumok Iratkoz\u00e1s M\u00e1ra m\u00e1r rendk\u00edv\u00fcl rugalmas felt\u00e9telek mellett lehet jelentkezni az \u00f3vod\u00e1nkba. Ezek r\u00f6viden a k\u00f6vetkez\u0151k:- \u00f3vod\u00e1nkba b\u00e1rki jelentkezhet- nem krit\u00e9rium a szobatisztas\u00e1g sem- legyen megkeresztelve a gyermek A jeletkez\u00e9shez sz\u00fcks\u00e9ges kit\u00f6lteni egy jelentkez\u00e9si \u0171rlapot, majd ezt k\u00f6vet\u0151en a titk\u00e1rs\u00e1gr\u00f3l felvessz\u00fck a sz\u00fcl\u0151kkel a kapcsolatot. Minden felv\u00e9tel el\u0151tt szem\u00e9lyes besz\u00e9lget\u00e9sre h\u00edvjuk meg [&hellip;]<\/p>\n","protected":false},"author":1,"featured_media":0,"parent":0,"menu_order":0,"comment_status":"closed","ping_status":"closed","template":"","meta":{"_et_pb_use_builder":"on","_et_pb_old_content":"","_et_gb_content_width":"","footnotes":""},"dipi_cpt_category":[],"class_list":["post-314","page","type-page","status-publish","hentry"],"yoast_head":"<!-- This site is optimized with the Yoast SEO plugin v27.1.1 - https:\/\/yoast.com\/product\/yoast-seo-wordpress\/ -->\n<title>Iratkoz\u00e1s - Nardini napk\u00f6zi<\/title>\n<meta name=\"robots\" content=\"index, follow, max-snippet:-1, max-image-preview:large, max-video-preview:-1\" \/>\n<link rel=\"canonical\" href=\"https:\/\/nardini.ro\/ro\/iratkozas\/\" \/>\n<meta property=\"og:locale\" content=\"ro_RO\" \/>\n<meta property=\"og:type\" content=\"article\" \/>\n<meta property=\"og:title\" content=\"Iratkoz\u00e1s - Nardini napk\u00f6zi\" \/>\n<meta property=\"og:description\" content=\"Inf\u00f3k \u00e9s sz\u00fcks\u00e9ges dokumentumok Iratkoz\u00e1s M\u00e1ra m\u00e1r rendk\u00edv\u00fcl rugalmas felt\u00e9telek mellett lehet jelentkezni az \u00f3vod\u00e1nkba. Ezek r\u00f6viden a k\u00f6vetkez\u0151k:- \u00f3vod\u00e1nkba b\u00e1rki jelentkezhet- nem krit\u00e9rium a szobatisztas\u00e1g sem- legyen megkeresztelve a gyermek A jeletkez\u00e9shez sz\u00fcks\u00e9ges kit\u00f6lteni egy jelentkez\u00e9si \u0171rlapot, majd ezt k\u00f6vet\u0151en a titk\u00e1rs\u00e1gr\u00f3l felvessz\u00fck a sz\u00fcl\u0151kkel a kapcsolatot. Minden felv\u00e9tel el\u0151tt szem\u00e9lyes besz\u00e9lget\u00e9sre h\u00edvjuk meg [&hellip;]\" \/>\n<meta property=\"og:url\" content=\"https:\/\/nardini.ro\/ro\/iratkozas\/\" \/>\n<meta property=\"og:site_name\" content=\"Nardini napk\u00f6zi\" \/>\n<meta property=\"article:modified_time\" content=\"2025-09-16T08:30:59+00:00\" \/>\n<meta name=\"twitter:card\" content=\"summary_large_image\" \/>\n<script type=\"application\/ld+json\" class=\"yoast-schema-graph\">{\"@context\":\"https:\/\/schema.org\",\"@graph\":[{\"@type\":\"WebPage\",\"@id\":\"https:\/\/nardini.ro\/iratkozas\/\",\"url\":\"https:\/\/nardini.ro\/iratkozas\/\",\"name\":\"Iratkoz\u00e1s - Nardini napk\u00f6zi\",\"isPartOf\":{\"@id\":\"https:\/\/nardini.ro\/#website\"},\"datePublished\":\"2025-09-03T17:21:38+00:00\",\"dateModified\":\"2025-09-16T08:30:59+00:00\",\"breadcrumb\":{\"@id\":\"https:\/\/nardini.ro\/iratkozas\/#breadcrumb\"},\"inLanguage\":\"ro-RO\",\"potentialAction\":[{\"@type\":\"ReadAction\",\"target\":[\"https:\/\/nardini.ro\/iratkozas\/\"]}]},{\"@type\":\"BreadcrumbList\",\"@id\":\"https:\/\/nardini.ro\/iratkozas\/#breadcrumb\",\"itemListElement\":[{\"@type\":\"ListItem\",\"position\":1,\"name\":\"Home\",\"item\":\"https:\/\/nardini.ro\/\"},{\"@type\":\"ListItem\",\"position\":2,\"name\":\"Iratkoz\u00e1s\"}]},{\"@type\":\"WebSite\",\"@id\":\"https:\/\/nardini.ro\/#website\",\"url\":\"https:\/\/nardini.ro\/\",\"name\":\"Nardini napk\u00f6zi\",\"description\":\"A Nardini napk\u00f6zi hivatalos honlapja\",\"potentialAction\":[{\"@type\":\"SearchAction\",\"target\":{\"@type\":\"EntryPoint\",\"urlTemplate\":\"https:\/\/nardini.ro\/?s={search_term_string}\"},\"query-input\":{\"@type\":\"PropertyValueSpecification\",\"valueRequired\":true,\"valueName\":\"search_term_string\"}}],\"inLanguage\":\"ro-RO\"}]}<\/script>\n<!-- \/ Yoast SEO plugin. -->","yoast_head_json":{"title":"Iratkoz\u00e1s - Nardini napk\u00f6zi","robots":{"index":"index","follow":"follow","max-snippet":"max-snippet:-1","max-image-preview":"max-image-preview:large","max-video-preview":"max-video-preview:-1"},"canonical":"https:\/\/nardini.ro\/ro\/iratkozas\/","og_locale":"ro_RO","og_type":"article","og_title":"Iratkoz\u00e1s - Nardini napk\u00f6zi","og_description":"Inf\u00f3k \u00e9s sz\u00fcks\u00e9ges dokumentumok Iratkoz\u00e1s M\u00e1ra m\u00e1r rendk\u00edv\u00fcl rugalmas felt\u00e9telek mellett lehet jelentkezni az \u00f3vod\u00e1nkba. Ezek r\u00f6viden a k\u00f6vetkez\u0151k:- \u00f3vod\u00e1nkba b\u00e1rki jelentkezhet- nem krit\u00e9rium a szobatisztas\u00e1g sem- legyen megkeresztelve a gyermek A jeletkez\u00e9shez sz\u00fcks\u00e9ges kit\u00f6lteni egy jelentkez\u00e9si \u0171rlapot, majd ezt k\u00f6vet\u0151en a titk\u00e1rs\u00e1gr\u00f3l felvessz\u00fck a sz\u00fcl\u0151kkel a kapcsolatot. Minden felv\u00e9tel el\u0151tt szem\u00e9lyes besz\u00e9lget\u00e9sre h\u00edvjuk meg [&hellip;]","og_url":"https:\/\/nardini.ro\/ro\/iratkozas\/","og_site_name":"Nardini napk\u00f6zi","article_modified_time":"2025-09-16T08:30:59+00:00","twitter_card":"summary_large_image","schema":{"@context":"https:\/\/schema.org","@graph":[{"@type":"WebPage","@id":"https:\/\/nardini.ro\/iratkozas\/","url":"https:\/\/nardini.ro\/iratkozas\/","name":"Iratkoz\u00e1s - Nardini napk\u00f6zi","isPartOf":{"@id":"https:\/\/nardini.ro\/#website"},"datePublished":"2025-09-03T17:21:38+00:00","dateModified":"2025-09-16T08:30:59+00:00","breadcrumb":{"@id":"https:\/\/nardini.ro\/iratkozas\/#breadcrumb"},"inLanguage":"ro-RO","potentialAction":[{"@type":"ReadAction","target":["https:\/\/nardini.ro\/iratkozas\/"]}]},{"@type":"BreadcrumbList","@id":"https:\/\/nardini.ro\/iratkozas\/#breadcrumb","itemListElement":[{"@type":"ListItem","position":1,"name":"Home","item":"https:\/\/nardini.ro\/"},{"@type":"ListItem","position":2,"name":"Iratkoz\u00e1s"}]},{"@type":"WebSite","@id":"https:\/\/nardini.ro\/#website","url":"https:\/\/nardini.ro\/","name":"Nardini napk\u00f6zi","description":"A Nardini napk\u00f6zi hivatalos honlapja","potentialAction":[{"@type":"SearchAction","target":{"@type":"EntryPoint","urlTemplate":"https:\/\/nardini.ro\/?s={search_term_string}"},"query-input":{"@type":"PropertyValueSpecification","valueRequired":true,"valueName":"search_term_string"}}],"inLanguage":"ro-RO"}]}},"_links":{"self":[{"href":"https:\/\/nardini.ro\/ro\/wp-json\/wp\/v2\/pages\/314","targetHints":{"allow":["GET"]}}],"collection":[{"href":"https:\/\/nardini.ro\/ro\/wp-json\/wp\/v2\/pages"}],"about":[{"href":"https:\/\/nardini.ro\/ro\/wp-json\/wp\/v2\/types\/page"}],"author":[{"embeddable":true,"href":"https:\/\/nardini.ro\/ro\/wp-json\/wp\/v2\/users\/1"}],"replies":[{"embeddable":true,"href":"https:\/\/nardini.ro\/ro\/wp-json\/wp\/v2\/comments?post=314"}],"version-history":[{"count":11,"href":"https:\/\/nardini.ro\/ro\/wp-json\/wp\/v2\/pages\/314\/revisions"}],"predecessor-version":[{"id":424,"href":"https:\/\/nardini.ro\/ro\/wp-json\/wp\/v2\/pages\/314\/revisions\/424"}],"wp:attachment":[{"href":"https:\/\/nardini.ro\/ro\/wp-json\/wp\/v2\/media?parent=314"}],"wp:term":[{"taxonomy":"dipi_cpt_category","embeddable":true,"href":"https:\/\/nardini.ro\/ro\/wp-json\/wp\/v2\/dipi_cpt_category?post=314"}],"curies":[{"name":"wp","href":"https:\/\/api.w.org\/{rel}","templated":true}]}}